{"id":2,"date":"2013-01-24T18:18:43","date_gmt":"2013-01-24T18:18:43","guid":{"rendered":"http:\/\/honza.paws.cz\/?page_id=2"},"modified":"2013-02-12T21:51:53","modified_gmt":"2013-02-12T20:51:53","slug":"zkusebni-stranka","status":"publish","type":"page","link":"http:\/\/honza.paws.cz\/?page_id=2","title":{"rendered":"Dal\u0161\u00ed projekty"},"content":{"rendered":"<p style=\"text-align: justify;\">Na t\u00e9to dom\u00e9n\u011b provozuji je\u0161t\u011b prezentaci p\u0159ipravovan\u00e9 automatizovan\u00e9 <a title=\"meteostanice\" href=\"http:\/\/meteo.paws.cz\" target=\"_blank\">meteostanice<\/a>. D\u00e1le poskytuji mapov\u00e9 podklady pro Android\u00ed aplikace vyu\u017e\u00edvaj\u00edc\u00ed framework mapsforge. Na rozd\u00edl od map nap\u0159\u00edklad na zm\u00edn\u011bn\u00e9m mapsforge poskytuji tak\u00e9 mapu obohacenou v\u00fd\u0161kov\u00fdmi daty pro vykreslen\u00ed vrstevnic, turistick\u00fdmi zna\u010dkami K\u010cT a dal\u0161\u00edmi mapov\u00fdmi elementy vhodn\u00fdmi pro turisty a hr\u00e1\u010de geocachingu. To v\u0161e na adrese <a title=\"http:\/\/osm.paws.cz\" href=\"http:\/\/osm.paws.cz\" target=\"_blank\">http:\/\/osm.paws.cz<\/a><\/p>\n","protected":false},"excerpt":{"rendered":"<p>Na t\u00e9to dom\u00e9n\u011b provozuji je\u0161t\u011b prezentaci p\u0159ipravovan\u00e9 automatizovan\u00e9 meteostanice. D\u00e1le poskytuji mapov\u00e9 podklady pro Android\u00ed aplikace vyu\u017e\u00edvaj\u00edc\u00ed framework mapsforge. Na rozd\u00edl od map nap\u0159\u00edklad na zm\u00edn\u011bn\u00e9m mapsforge poskytuji tak\u00e9 mapu obohacenou v\u00fd\u0161kov\u00fdmi daty pro vykreslen\u00ed vrstevnic, turistick\u00fdmi zna\u010dkami K\u010cT a dal\u0161\u00edmi mapov\u00fdmi elementy vhodn\u00fdmi pro turisty a hr\u00e1\u010de geocachingu. To v\u0161e na adrese http:\/\/osm.paws.cz<\/p>\n","protected":false},"author":1,"featured_media":0,"parent":0,"menu_order":0,"comment_status":"open","ping_status":"open","template":"","meta":[],"_links":{"self":[{"href":"http:\/\/honza.paws.cz\/index.php?rest_route=\/wp\/v2\/pages\/2"}],"collection":[{"href":"http:\/\/honza.paws.cz\/index.php?rest_route=\/wp\/v2\/pages"}],"about":[{"href":"http:\/\/honza.paws.cz\/index.php?rest_route=\/wp\/v2\/types\/page"}],"author":[{"embeddable":true,"href":"http:\/\/honza.paws.cz\/index.php?rest_route=\/wp\/v2\/users\/1"}],"replies":[{"embeddable":true,"href":"http:\/\/honza.paws.cz\/index.php?rest_route=%2Fwp%2Fv2%2Fcomments&post=2"}],"version-history":[{"count":5,"href":"http:\/\/honza.paws.cz\/index.php?rest_route=\/wp\/v2\/pages\/2\/revisions"}],"predecessor-version":[{"id":145,"href":"http:\/\/honza.paws.cz\/index.php?rest_route=\/wp\/v2\/pages\/2\/revisions\/145"}],"wp:attachment":[{"href":"http:\/\/honza.paws.cz\/index.php?rest_route=%2Fwp%2Fv2%2Fmedia&parent=2"}],"curies":[{"name":"wp","href":"https:\/\/api.w.org\/{rel}","templated":true}]}}